{"id":2408,"date":"2024-11-21T14:23:00","date_gmt":"2024-11-21T14:23:00","guid":{"rendered":"https:\/\/leader.galcetateabucovinei.ro\/?page_id=2408"},"modified":"2025-08-01T14:22:55","modified_gmt":"2025-08-01T11:22:55","slug":"interventii","status":"publish","type":"page","link":"https:\/\/leader.galcetateabucovinei.ro\/index.php\/interventii\/","title":{"rendered":"INTERVEN\u021aII"},"content":{"rendered":"\n<p><\/p>\n\n\n\n<p><strong>INTERVEN\u021aIA 1 &#8211; <strong>Investi\u021bii \u0219i servicii pentru dezvoltarea teritoriului<\/strong><\/strong><\/p>\n\n\n\n<p><em>Fond disponibil pe interven\u021bie = 593.050 Euro<\/em><\/p>\n\n\n\n<div class=\"wp-block-file\"><a id=\"wp-block-file--media-ba354538-c826-4ccb-b4fc-03a034ae0235\" href=\"https:\/\/leader.galcetateabucovinei.ro\/wp-content\/uploads\/2025\/06\/Interventia-1.pdf\" target=\"_blank\" rel=\"noreferrer noopener\">Fi\u015fa Interven\u0163iei FEADR nr. 1<\/a><a href=\"https:\/\/leader.galcetateabucovinei.ro\/wp-content\/uploads\/2025\/06\/Interventia-1.pdf\" class=\"wp-block-file__button wp-element-button\" download aria-describedby=\"wp-block-file--media-ba354538-c826-4ccb-b4fc-03a034ae0235\">Descarc\u0103<\/a><\/div>\n\n\n\n<p><strong>INTERVEN\u021aIA 2 &#8211; Investi\u021bii \u00een crearea \u0219i dezvoltarea de activit\u0103\u021bi non-agricole<\/strong><\/p>\n\n\n\n<p><em>Fond disponibil pe interven\u021bie = 203.788 Euro<\/em><\/p>\n\n\n\n<div class=\"wp-block-file\"><a id=\"wp-block-file--media-e9968d6e-d013-404b-a9d1-398ca976787c\" href=\"https:\/\/leader.galcetateabucovinei.ro\/wp-content\/uploads\/2025\/06\/Interventia-2.pdf\" target=\"_blank\" rel=\"noreferrer noopener\">Fi\u015fa Interven\u0163iei FEADR nr. 2<\/a><a href=\"https:\/\/leader.galcetateabucovinei.ro\/wp-content\/uploads\/2025\/06\/Interventia-2.pdf\" class=\"wp-block-file__button wp-element-button\" download aria-describedby=\"wp-block-file--media-e9968d6e-d013-404b-a9d1-398ca976787c\">Descarc\u0103<\/a><\/div>\n\n\n\n<div class=\"wp-block-file\"><a id=\"wp-block-file--media-84f7e5b3-8e06-4fd7-a53a-df75c623b75f\" href=\"https:\/\/leader.galcetateabucovinei.ro\/wp-content\/uploads\/2025\/08\/Anexa-13-Lista-Codurilor-CAEN-aferente-activitatilor-neagricole-eligibile.docx\">Anexa 13 &#8211; Lista Codurilor CAEN aferente activit\u0103\u021bilor neagricole eligibile<\/a><a href=\"https:\/\/leader.galcetateabucovinei.ro\/wp-content\/uploads\/2025\/08\/Anexa-13-Lista-Codurilor-CAEN-aferente-activitatilor-neagricole-eligibile.docx\" class=\"wp-block-file__button wp-element-button\" download aria-describedby=\"wp-block-file--media-84f7e5b3-8e06-4fd7-a53a-df75c623b75f\">Descarc\u0103<\/a><\/div>\n\n\n\n<p><strong>INTERVEN\u021aIA 3 &#8211; Sprijin pentru \u00eenfiin\u0163area de activit\u0103\u0163i non-agricole \u00een teritoriul GAL<\/strong><\/p>\n\n\n\n<p><em>Fond disponibil pe interven\u021bie = 250.000 Euro<\/em><\/p>\n\n\n\n<div class=\"wp-block-file\"><a id=\"wp-block-file--media-08f0a8b0-1490-44bb-b246-b607de3365ee\" href=\"https:\/\/leader.galcetateabucovinei.ro\/wp-content\/uploads\/2025\/06\/Interventia-3.pdf\" target=\"_blank\" rel=\"noreferrer noopener\">Fi\u015fa Interven\u0163iei FEADR nr. 3<\/a><a href=\"https:\/\/leader.galcetateabucovinei.ro\/wp-content\/uploads\/2025\/06\/Interventia-3.pdf\" class=\"wp-block-file__button wp-element-button\" download aria-describedby=\"wp-block-file--media-08f0a8b0-1490-44bb-b246-b607de3365ee\">Descarc\u0103<\/a><\/div>\n\n\n\n<p><strong>INTERVEN\u021aIA 4<\/strong> <strong>&#8211; Solu\u021bii inovatoare pentru \u00eembun\u0103t\u0103\u021birea calit\u0103\u021bii vie\u021bii prin investi\u021bii \u0219i servicii<\/strong><\/p>\n\n\n\n<p><em>Fond disponibil pe interven\u021bie = 135.855 Euro<\/em><\/p>\n\n\n\n<div class=\"wp-block-file\"><a id=\"wp-block-file--media-c4fad758-4e01-47f8-97e7-8ae42b5fc3b7\" href=\"https:\/\/leader.galcetateabucovinei.ro\/wp-content\/uploads\/2025\/06\/Interventia-4.pdf\" target=\"_blank\" rel=\"noreferrer noopener\">Fi\u015fa Interven\u0163iei FEADR nr. 4<\/a><a href=\"https:\/\/leader.galcetateabucovinei.ro\/wp-content\/uploads\/2025\/06\/Interventia-4.pdf\" class=\"wp-block-file__button wp-element-button\" download aria-describedby=\"wp-block-file--media-c4fad758-4e01-47f8-97e7-8ae42b5fc3b7\">Descarc\u0103<\/a><\/div>\n\n\n\n<p><strong>INTERVEN\u021aIA 5 &#8211; Promovarea \u0219i conservarea patrimoniului local material \u0219i imaterial prin investi\u021bii \u0219i servicii<\/strong><\/p>\n\n\n\n<p><em>Fond disponibil pe interven\u021bie = 135.855 Euro<\/em><\/p>\n\n\n\n<div class=\"wp-block-file\"><a id=\"wp-block-file--media-ebf5f1e2-0f5e-4234-ba80-00cdea4ecb0f\" href=\"https:\/\/leader.galcetateabucovinei.ro\/wp-content\/uploads\/2025\/06\/Interventia-5.pdf\" target=\"_blank\" rel=\"noreferrer noopener\">Fi\u015fa Interven\u0163iei FEADR nr. 5<\/a><a href=\"https:\/\/leader.galcetateabucovinei.ro\/wp-content\/uploads\/2025\/06\/Interventia-5.pdf\" class=\"wp-block-file__button wp-element-button\" download aria-describedby=\"wp-block-file--media-ebf5f1e2-0f5e-4234-ba80-00cdea4ecb0f\">Descarc\u0103<\/a><\/div>\n\n\n\n<p><strong>INTERVEN\u021aIA 6 &#8211; Cooperare \u00eentre GAL-uri<\/strong><\/p>\n\n\n\n<p><em>Fond disponibil pe interven\u021bie = 40.000 Euro<\/em><\/p>\n\n\n\n<div class=\"wp-block-file\"><a id=\"wp-block-file--media-3a6e58e7-d9e5-4bc7-ad88-048b1c19a79b\" href=\"https:\/\/leader.galcetateabucovinei.ro\/wp-content\/uploads\/2025\/06\/Interventia-6.pdf\" target=\"_blank\" rel=\"noreferrer noopener\">Interventia 6<\/a><a href=\"https:\/\/leader.galcetateabucovinei.ro\/wp-content\/uploads\/2025\/06\/Interventia-6.pdf\" class=\"wp-block-file__button wp-element-button\" download aria-describedby=\"wp-block-file--media-3a6e58e7-d9e5-4bc7-ad88-048b1c19a79b\">Descarc\u0103<\/a><\/div>\n\n\n\n<p><strong>Fi\u0219a interven\u021bie FSE+ Ac\u021biuni integrate \u0219i servicii sociale \u00een teritoriul GAL<\/strong> <\/p>\n\n\n\n<p><em>Fond disponibil pe interven\u021bie = 718.909 Euro<\/em><\/p>\n\n\n\n<div class=\"wp-block-file\"><a id=\"wp-block-file--media-e5ad13cf-180c-4d38-8d07-9c9ea872404f\" href=\"https:\/\/leader.galcetateabucovinei.ro\/wp-content\/uploads\/2025\/06\/Interventia-FSE.pdf\" target=\"_blank\" rel=\"noreferrer noopener\">Interventia FSE<\/a><a href=\"https:\/\/leader.galcetateabucovinei.ro\/wp-content\/uploads\/2025\/06\/Interventia-FSE.pdf\" class=\"wp-block-file__button wp-element-button\" download aria-describedby=\"wp-block-file--media-e5ad13cf-180c-4d38-8d07-9c9ea872404f\">Descarc\u0103<\/a><\/div>\n\n\n\n<p><\/p>\n","protected":false},"excerpt":{"rendered":"<p>INTERVEN\u021aIA 1 &#8211; Investi\u021bii \u0219i servicii pentru dezvoltarea teritoriului Fond disponibil pe interven\u021bie = 593.050 Euro INTERVEN\u021aIA 2 &#8211; Investi\u021bii \u00een crearea \u0219i dezvoltarea de activit\u0103\u021bi non-agricole Fond disponibil pe [&hellip;]<\/p>\n","protected":false},"author":1,"featured_media":0,"parent":0,"menu_order":0,"comment_status":"closed","ping_status":"closed","template":"","meta":{"footnotes":""},"class_list":["post-2408","page","type-page","status-publish","hentry"],"_links":{"self":[{"href":"https:\/\/leader.galcetateabucovinei.ro\/index.php\/wp-json\/wp\/v2\/pages\/2408","targetHints":{"allow":["GET"]}}],"collection":[{"href":"https:\/\/leader.galcetateabucovinei.ro\/index.php\/wp-json\/wp\/v2\/pages"}],"about":[{"href":"https:\/\/leader.galcetateabucovinei.ro\/index.php\/wp-json\/wp\/v2\/types\/page"}],"author":[{"embeddable":true,"href":"https:\/\/leader.galcetateabucovinei.ro\/index.php\/wp-json\/wp\/v2\/users\/1"}],"replies":[{"embeddable":true,"href":"https:\/\/leader.galcetateabucovinei.ro\/index.php\/wp-json\/wp\/v2\/comments?post=2408"}],"version-history":[{"count":19,"href":"https:\/\/leader.galcetateabucovinei.ro\/index.php\/wp-json\/wp\/v2\/pages\/2408\/revisions"}],"predecessor-version":[{"id":3166,"href":"https:\/\/leader.galcetateabucovinei.ro\/index.php\/wp-json\/wp\/v2\/pages\/2408\/revisions\/3166"}],"wp:attachment":[{"href":"https:\/\/leader.galcetateabucovinei.ro\/index.php\/wp-json\/wp\/v2\/media?parent=2408"}],"curies":[{"name":"wp","href":"https:\/\/api.w.org\/{rel}","templated":true}]}}