{"id":3179,"date":"2025-08-26T12:50:07","date_gmt":"2025-08-26T09:50:07","guid":{"rendered":"https:\/\/leader.galcetateabucovinei.ro\/?page_id=3179"},"modified":"2025-11-21T12:12:05","modified_gmt":"2025-11-21T09:12:05","slug":"sprijin-pentru-infiintarea-de-activitati-non-agricole-in-teritoriul-gal","status":"publish","type":"page","link":"https:\/\/leader.galcetateabucovinei.ro\/index.php\/sprijin-pentru-infiintarea-de-activitati-non-agricole-in-teritoriul-gal\/","title":{"rendered":"Sprijin pentru \u00eenfiin\u0163area de activit\u0103\u0163i non-agricole \u00een teritoriul GAL (START-UP)"},"content":{"rendered":"\n<p class=\"has-small-font-size\"><strong><em>Documente postate la 21.11.2025<\/em><\/strong><\/p>\n\n\n\n<div class=\"wp-block-file\"><a id=\"wp-block-file--media-fc607393-fc2f-421f-9220-11156ba5d2a1\" href=\"https:\/\/leader.galcetateabucovinei.ro\/wp-content\/uploads\/2025\/11\/0-F2-CDRJ-Suceava-1.pdf\">0 F2 CDRJ Suceava<\/a><a href=\"https:\/\/leader.galcetateabucovinei.ro\/wp-content\/uploads\/2025\/11\/0-F2-CDRJ-Suceava-1.pdf\" class=\"wp-block-file__button wp-element-button\" download aria-describedby=\"wp-block-file--media-fc607393-fc2f-421f-9220-11156ba5d2a1\">Descarc\u0103<\/a><\/div>\n\n\n\n<div class=\"wp-block-file\"><a id=\"wp-block-file--media-111395f8-f03a-43d2-b0d8-8f36055e8c23\" href=\"https:\/\/leader.galcetateabucovinei.ro\/wp-content\/uploads\/2025\/11\/1.-Anunt-lansare-apel-de-selectie-startup.pdf\">1. Anun\u021b lansare apel de selec\u021bie startup<\/a><a href=\"https:\/\/leader.galcetateabucovinei.ro\/wp-content\/uploads\/2025\/11\/1.-Anunt-lansare-apel-de-selectie-startup.pdf\" class=\"wp-block-file__button wp-element-button\" download aria-describedby=\"wp-block-file--media-111395f8-f03a-43d2-b0d8-8f36055e8c23\">Descarc\u0103<\/a><\/div>\n\n\n\n<div class=\"wp-block-file\"><a id=\"wp-block-file--media-fa4877bb-d0a6-4cff-bac1-bb8b1592c8f0\" href=\"https:\/\/leader.galcetateabucovinei.ro\/wp-content\/uploads\/2025\/11\/1-Ghidul-Solicitantului-Interventia-FEADR-3-start-up.pdf\">1 Ghidul Solicitantului Interventia FEADR 3 start up<\/a><a href=\"https:\/\/leader.galcetateabucovinei.ro\/wp-content\/uploads\/2025\/11\/1-Ghidul-Solicitantului-Interventia-FEADR-3-start-up.pdf\" class=\"wp-block-file__button wp-element-button\" download aria-describedby=\"wp-block-file--media-fa4877bb-d0a6-4cff-bac1-bb8b1592c8f0\">Descarc\u0103<\/a><\/div>\n\n\n\n<div class=\"wp-block-file\"><a id=\"wp-block-file--media-0c45bde7-aa18-4875-b562-26a2a283c1d6\" href=\"https:\/\/leader.galcetateabucovinei.ro\/wp-content\/uploads\/2025\/11\/Anexa-1-cerere-finantare-dr36_proiecte-startup_nonagricol.pdf\">Anexa 1 cerere-finantare-dr36_proiecte-startup_nonagricol<\/a><a href=\"https:\/\/leader.galcetateabucovinei.ro\/wp-content\/uploads\/2025\/11\/Anexa-1-cerere-finantare-dr36_proiecte-startup_nonagricol.pdf\" class=\"wp-block-file__button wp-element-button\" download aria-describedby=\"wp-block-file--media-0c45bde7-aa18-4875-b562-26a2a283c1d6\">Descarc\u0103<\/a><\/div>\n\n\n\n<div class=\"wp-block-file\"><a id=\"wp-block-file--media-2e4fde41-6295-4c04-9de5-d2b330787102\" href=\"https:\/\/leader.galcetateabucovinei.ro\/wp-content\/uploads\/2025\/11\/Anexa-2-Fisa-Interventiei-3-START-UP.pdf\">Anexa 2 Fisa Interventiei 3 START UP<\/a><a href=\"https:\/\/leader.galcetateabucovinei.ro\/wp-content\/uploads\/2025\/11\/Anexa-2-Fisa-Interventiei-3-START-UP.pdf\" class=\"wp-block-file__button wp-element-button\" download aria-describedby=\"wp-block-file--media-2e4fde41-6295-4c04-9de5-d2b330787102\">Descarc\u0103<\/a><\/div>\n\n\n\n<div class=\"wp-block-file\"><a id=\"wp-block-file--media-ca4b337d-181c-4b90-9996-6a7598e36774\" href=\"https:\/\/leader.galcetateabucovinei.ro\/wp-content\/uploads\/2025\/11\/Anexa-3-Fisa-de-evaluare-generala-a-proiectului-start-up_AFIR.docx\">Anexa 3 Fi\u0219a de evaluare general\u0103 a proiectului &#8211; start-up_AFIR<\/a><a href=\"https:\/\/leader.galcetateabucovinei.ro\/wp-content\/uploads\/2025\/11\/Anexa-3-Fisa-de-evaluare-generala-a-proiectului-start-up_AFIR.docx\" class=\"wp-block-file__button wp-element-button\" download aria-describedby=\"wp-block-file--media-ca4b337d-181c-4b90-9996-6a7598e36774\">Descarc\u0103<\/a><\/div>\n\n\n\n<div class=\"wp-block-file\"><a id=\"wp-block-file--media-e51391ed-5e31-4eb0-a6c8-bf867d01492e\" href=\"https:\/\/leader.galcetateabucovinei.ro\/wp-content\/uploads\/2025\/11\/Anexa-4-Declaratie-prelucrare-date-personale-GAL.docx\">Anexa 4 Declaratie prelucrare date personale GAL<\/a><a href=\"https:\/\/leader.galcetateabucovinei.ro\/wp-content\/uploads\/2025\/11\/Anexa-4-Declaratie-prelucrare-date-personale-GAL.docx\" class=\"wp-block-file__button wp-element-button\" download aria-describedby=\"wp-block-file--media-e51391ed-5e31-4eb0-a6c8-bf867d01492e\">Descarc\u0103<\/a><\/div>\n\n\n\n<div class=\"wp-block-file\"><a id=\"wp-block-file--media-d87caae2-1e32-4d26-8fde-c4176de54eda\" href=\"https:\/\/leader.galcetateabucovinei.ro\/wp-content\/uploads\/2025\/11\/Anexa-5-Declaratie-privind-mentinerea-investitiei.docx\">Anexa 5 Declaratie privind mentinerea investitiei<\/a><a href=\"https:\/\/leader.galcetateabucovinei.ro\/wp-content\/uploads\/2025\/11\/Anexa-5-Declaratie-privind-mentinerea-investitiei.docx\" class=\"wp-block-file__button wp-element-button\" download aria-describedby=\"wp-block-file--media-d87caae2-1e32-4d26-8fde-c4176de54eda\">Descarc\u0103<\/a><\/div>\n\n\n\n<div class=\"wp-block-file\"><a id=\"wp-block-file--media-228fc1b5-b7ff-4962-a519-3ccd8751d494\" href=\"https:\/\/leader.galcetateabucovinei.ro\/wp-content\/uploads\/2025\/11\/Anexa-9-Model-plan-de-afaceri.doc\">Anexa 9 Model-plan-de-afaceri<\/a><a href=\"https:\/\/leader.galcetateabucovinei.ro\/wp-content\/uploads\/2025\/11\/Anexa-9-Model-plan-de-afaceri.doc\" class=\"wp-block-file__button wp-element-button\" download aria-describedby=\"wp-block-file--media-228fc1b5-b7ff-4962-a519-3ccd8751d494\">Descarc\u0103<\/a><\/div>\n\n\n\n<div class=\"wp-block-file\"><a id=\"wp-block-file--media-208e941a-d7c9-459e-a3bf-3b8a390c4318\" href=\"https:\/\/leader.galcetateabucovinei.ro\/wp-content\/uploads\/2025\/11\/Anexa-10-Model-Contract-de-finantare.docx\">Anexa 10 Model Contract de finantare<\/a><a href=\"https:\/\/leader.galcetateabucovinei.ro\/wp-content\/uploads\/2025\/11\/Anexa-10-Model-Contract-de-finantare.docx\" class=\"wp-block-file__button wp-element-button\" download aria-describedby=\"wp-block-file--media-208e941a-d7c9-459e-a3bf-3b8a390c4318\">Descarc\u0103<\/a><\/div>\n\n\n\n<div class=\"wp-block-file\"><a id=\"wp-block-file--media-b04e9db5-1e13-433c-b3c5-f7cb3736a697\" href=\"https:\/\/leader.galcetateabucovinei.ro\/wp-content\/uploads\/2025\/11\/Anexa-11-Declaratie-Incadrare-in-categoria-de-microintreprindere-si-intreprindere-mica.docx\">Anexa 11 Declara\u021bie Incadrare \u00een categoria de micro\u00eentreprindere \u0219i \u00eentreprindere mic\u0103<\/a><a href=\"https:\/\/leader.galcetateabucovinei.ro\/wp-content\/uploads\/2025\/11\/Anexa-11-Declaratie-Incadrare-in-categoria-de-microintreprindere-si-intreprindere-mica.docx\" class=\"wp-block-file__button wp-element-button\" download aria-describedby=\"wp-block-file--media-b04e9db5-1e13-433c-b3c5-f7cb3736a697\">Descarc\u0103<\/a><\/div>\n\n\n\n<div class=\"wp-block-file\"><a id=\"wp-block-file--media-62848947-2aaa-46d6-be7f-18a1c3bdd8d5\" href=\"https:\/\/leader.galcetateabucovinei.ro\/wp-content\/uploads\/2025\/11\/Anexa-12-Declaratie-privind-respectarea-regulii-de-cumul-de-minimis.docx\">Anexa 12 Declaratie privind respectarea regulii de cumul de minimis<\/a><a href=\"https:\/\/leader.galcetateabucovinei.ro\/wp-content\/uploads\/2025\/11\/Anexa-12-Declaratie-privind-respectarea-regulii-de-cumul-de-minimis.docx\" class=\"wp-block-file__button wp-element-button\" download aria-describedby=\"wp-block-file--media-62848947-2aaa-46d6-be7f-18a1c3bdd8d5\">Descarc\u0103<\/a><\/div>\n\n\n\n<div class=\"wp-block-file\"><a id=\"wp-block-file--media-cb8d2272-42ff-4305-9ad4-07b761ccff66\" href=\"https:\/\/leader.galcetateabucovinei.ro\/wp-content\/uploads\/2025\/11\/Anexa-13-lista-codurilor-caen-.docx\">Anexa 13-lista-codurilor-caen-<\/a><a href=\"https:\/\/leader.galcetateabucovinei.ro\/wp-content\/uploads\/2025\/11\/Anexa-13-lista-codurilor-caen-.docx\" class=\"wp-block-file__button wp-element-button\" download aria-describedby=\"wp-block-file--media-cb8d2272-42ff-4305-9ad4-07b761ccff66\">Descarc\u0103<\/a><\/div>\n\n\n\n<div class=\"wp-block-file\"><a id=\"wp-block-file--media-97ddd4f0-2f97-45ab-949d-04344c3d7ea9\" href=\"https:\/\/leader.galcetateabucovinei.ro\/wp-content\/uploads\/2025\/11\/Anexa-15-F1-FisaVerificare-a-conditiilor-de-eligibilitate-si-criterii-de-selectie-locale.docx\">Anexa 15 F1 FisaVerificare a conditiilor de eligibilitate si criterii de selectie locale<\/a><a href=\"https:\/\/leader.galcetateabucovinei.ro\/wp-content\/uploads\/2025\/11\/Anexa-15-F1-FisaVerificare-a-conditiilor-de-eligibilitate-si-criterii-de-selectie-locale.docx\" class=\"wp-block-file__button wp-element-button\" download aria-describedby=\"wp-block-file--media-97ddd4f0-2f97-45ab-949d-04344c3d7ea9\">Descarc\u0103<\/a><\/div>\n\n\n\n<div class=\"wp-block-file\"><a id=\"wp-block-file--media-99a0ae78-b0ce-48f4-a304-50985f073ca9\" href=\"https:\/\/leader.galcetateabucovinei.ro\/wp-content\/uploads\/2025\/11\/Anexa-17-Instruc-cond-artificiale.docx\">Anexa 17 Instruc cond artificiale<\/a><a href=\"https:\/\/leader.galcetateabucovinei.ro\/wp-content\/uploads\/2025\/11\/Anexa-17-Instruc-cond-artificiale.docx\" class=\"wp-block-file__button wp-element-button\" download aria-describedby=\"wp-block-file--media-99a0ae78-b0ce-48f4-a304-50985f073ca9\">Descarc\u0103<\/a><\/div>\n\n\n\n<p><\/p>\n","protected":false},"excerpt":{"rendered":"<p>Documente postate la 21.11.2025<\/p>\n","protected":false},"author":1,"featured_media":0,"parent":0,"menu_order":0,"comment_status":"closed","ping_status":"closed","template":"","meta":{"footnotes":""},"class_list":["post-3179","page","type-page","status-publish","hentry"],"_links":{"self":[{"href":"https:\/\/leader.galcetateabucovinei.ro\/index.php\/wp-json\/wp\/v2\/pages\/3179","targetHints":{"allow":["GET"]}}],"collection":[{"href":"https:\/\/leader.galcetateabucovinei.ro\/index.php\/wp-json\/wp\/v2\/pages"}],"about":[{"href":"https:\/\/leader.galcetateabucovinei.ro\/index.php\/wp-json\/wp\/v2\/types\/page"}],"author":[{"embeddable":true,"href":"https:\/\/leader.galcetateabucovinei.ro\/index.php\/wp-json\/wp\/v2\/users\/1"}],"replies":[{"embeddable":true,"href":"https:\/\/leader.galcetateabucovinei.ro\/index.php\/wp-json\/wp\/v2\/comments?post=3179"}],"version-history":[{"count":4,"href":"https:\/\/leader.galcetateabucovinei.ro\/index.php\/wp-json\/wp\/v2\/pages\/3179\/revisions"}],"predecessor-version":[{"id":3373,"href":"https:\/\/leader.galcetateabucovinei.ro\/index.php\/wp-json\/wp\/v2\/pages\/3179\/revisions\/3373"}],"wp:attachment":[{"href":"https:\/\/leader.galcetateabucovinei.ro\/index.php\/wp-json\/wp\/v2\/media?parent=3179"}],"curies":[{"name":"wp","href":"https:\/\/api.w.org\/{rel}","templated":true}]}}