{"id":3181,"date":"2025-08-26T12:50:25","date_gmt":"2025-08-26T09:50:25","guid":{"rendered":"https:\/\/leader.galcetateabucovinei.ro\/?page_id=3181"},"modified":"2025-08-26T13:14:08","modified_gmt":"2025-08-26T10:14:08","slug":"solutii-inovatoare-pentru-imbunatatirea-calitatii-vietii-prin-investitii-si-servicii","status":"publish","type":"page","link":"https:\/\/leader.galcetateabucovinei.ro\/index.php\/solutii-inovatoare-pentru-imbunatatirea-calitatii-vietii-prin-investitii-si-servicii\/","title":{"rendered":"Solu\u021bii inovatoare pentru \u00eembun\u0103t\u0103\u021birea calit\u0103\u021bii vie\u021bii prin investi\u021bii \u0219i servicii"},"content":{"rendered":"\n<p class=\"has-text-align-left has-medium-font-size\"><em><strong>Documente postate la 26.08.2025<\/strong><\/em><\/p>\n\n\n\n<div class=\"wp-block-file\"><a id=\"wp-block-file--media-167303c2-71cd-42b2-8c40-05780ce6918a\" href=\"https:\/\/leader.galcetateabucovinei.ro\/wp-content\/uploads\/2025\/08\/0.-Formularul-2-CDRJ-Suceava.pdf\">0. Formularul 2 CDRJ Suceava<\/a><a href=\"https:\/\/leader.galcetateabucovinei.ro\/wp-content\/uploads\/2025\/08\/0.-Formularul-2-CDRJ-Suceava.pdf\" class=\"wp-block-file__button wp-element-button\" download aria-describedby=\"wp-block-file--media-167303c2-71cd-42b2-8c40-05780ce6918a\">Descarc\u0103<\/a><\/div>\n\n\n\n<div class=\"wp-block-file\"><a id=\"wp-block-file--media-5c8749b2-9837-4d53-a99a-05b2b3ba304b\" href=\"https:\/\/leader.galcetateabucovinei.ro\/wp-content\/uploads\/2025\/08\/1.-Anunt-lansare-I4.pdf\">1. Anunt lansare I4<\/a><a href=\"https:\/\/leader.galcetateabucovinei.ro\/wp-content\/uploads\/2025\/08\/1.-Anunt-lansare-I4.pdf\" class=\"wp-block-file__button wp-element-button\" download aria-describedby=\"wp-block-file--media-5c8749b2-9837-4d53-a99a-05b2b3ba304b\">Descarc\u0103<\/a><\/div>\n\n\n\n<div class=\"wp-block-file\"><a id=\"wp-block-file--media-d483ab7d-6a31-4a0c-9060-2fd70107e89e\" href=\"https:\/\/leader.galcetateabucovinei.ro\/wp-content\/uploads\/2025\/08\/2.1-cerere-finantare-dr36_proiecte-de-investitii.pdf\">2.1 cerere-finantare-dr36_proiecte-de-investitii<\/a><a href=\"https:\/\/leader.galcetateabucovinei.ro\/wp-content\/uploads\/2025\/08\/2.1-cerere-finantare-dr36_proiecte-de-investitii.pdf\" class=\"wp-block-file__button wp-element-button\" download aria-describedby=\"wp-block-file--media-d483ab7d-6a31-4a0c-9060-2fd70107e89e\">Descarc\u0103<\/a><\/div>\n\n\n\n<div class=\"wp-block-file\"><a id=\"wp-block-file--media-0f2a5172-f0a6-4ebc-853b-510470fe5b79\" href=\"https:\/\/leader.galcetateabucovinei.ro\/wp-content\/uploads\/2025\/08\/2.2-cerere-finantare-dr36_proiecte-de-servicii.pdf\">2.2 cerere-finantare-dr36_proiecte-de-servicii<\/a><a href=\"https:\/\/leader.galcetateabucovinei.ro\/wp-content\/uploads\/2025\/08\/2.2-cerere-finantare-dr36_proiecte-de-servicii.pdf\" class=\"wp-block-file__button wp-element-button\" download aria-describedby=\"wp-block-file--media-0f2a5172-f0a6-4ebc-853b-510470fe5b79\">Descarc\u0103<\/a><\/div>\n\n\n\n<div class=\"wp-block-file\"><a id=\"wp-block-file--media-8191a86b-b677-4562-9684-f0b8eb5cedbf\" href=\"https:\/\/leader.galcetateabucovinei.ro\/wp-content\/uploads\/2025\/08\/2.3-cerere-finantare-dr36_proiecte-mixte.pdf\">2.3 cerere-finantare-dr36_proiecte-mixte<\/a><a href=\"https:\/\/leader.galcetateabucovinei.ro\/wp-content\/uploads\/2025\/08\/2.3-cerere-finantare-dr36_proiecte-mixte.pdf\" class=\"wp-block-file__button wp-element-button\" download aria-describedby=\"wp-block-file--media-8191a86b-b677-4562-9684-f0b8eb5cedbf\">Descarc\u0103<\/a><\/div>\n\n\n\n<div class=\"wp-block-group has-medium-font-size is-vertical is-layout-flex wp-container-core-group-is-layout-8cf370e7 wp-block-group-is-layout-flex\">\n<div class=\"wp-block-group is-vertical is-layout-flex wp-container-core-group-is-layout-8cf370e7 wp-block-group-is-layout-flex\">\n<div class=\"wp-block-file\"><a id=\"wp-block-file--media-15677185-75e8-47a5-b04d-decc04b8f6c1\" href=\"https:\/\/leader.galcetateabucovinei.ro\/wp-content\/uploads\/2025\/08\/3.-Anexa1F1-FisaVerificare-CdCsCd.docx\" target=\"_blank\" rel=\"noreferrer noopener\">3. Anexa1F1-FisaVerificare-CdCsCd<\/a><a href=\"https:\/\/leader.galcetateabucovinei.ro\/wp-content\/uploads\/2025\/08\/3.-Anexa1F1-FisaVerificare-CdCsCd.docx\" class=\"wp-block-file__button wp-element-button\" download aria-describedby=\"wp-block-file--media-15677185-75e8-47a5-b04d-decc04b8f6c1\">Descarc\u0103<\/a><\/div>\n\n\n\n<div class=\"wp-block-file\"><a id=\"wp-block-file--media-87536999-8eeb-4cef-a774-14b357a622a6\" href=\"https:\/\/leader.galcetateabucovinei.ro\/wp-content\/uploads\/2025\/08\/4.-GhidSolicitant_22.08.2025_s.pdf\">4. GhidSolicitant_22.08.2025_s<\/a><a href=\"https:\/\/leader.galcetateabucovinei.ro\/wp-content\/uploads\/2025\/08\/4.-GhidSolicitant_22.08.2025_s.pdf\" class=\"wp-block-file__button wp-element-button\" download aria-describedby=\"wp-block-file--media-87536999-8eeb-4cef-a774-14b357a622a6\">Descarc\u0103<\/a><\/div>\n\n\n\n<div class=\"wp-block-file\"><a id=\"wp-block-file--media-f73094bc-5556-4405-b538-7b8384c9f97e\" href=\"https:\/\/leader.galcetateabucovinei.ro\/wp-content\/uploads\/2025\/08\/5.1-Declaratia-pe-propria-raspundere-model-GAL.docx\">5.1 Declaratia pe propria raspundere model GAL<\/a><a href=\"https:\/\/leader.galcetateabucovinei.ro\/wp-content\/uploads\/2025\/08\/5.1-Declaratia-pe-propria-raspundere-model-GAL.docx\" class=\"wp-block-file__button wp-element-button\" download aria-describedby=\"wp-block-file--media-f73094bc-5556-4405-b538-7b8384c9f97e\">Descarc\u0103<\/a><\/div>\n\n\n\n<div class=\"wp-block-file\"><a id=\"wp-block-file--media-fe85bc8d-a006-4ec2-888c-e16683018f78\" href=\"https:\/\/leader.galcetateabucovinei.ro\/wp-content\/uploads\/2025\/08\/5.2-Declaratia-pe-propria-raspundere_criterii-de-selectie.docx\">5.2 Declaratia pe propria raspundere_criterii de selectie<\/a><a href=\"https:\/\/leader.galcetateabucovinei.ro\/wp-content\/uploads\/2025\/08\/5.2-Declaratia-pe-propria-raspundere_criterii-de-selectie.docx\" class=\"wp-block-file__button wp-element-button\" download aria-describedby=\"wp-block-file--media-fe85bc8d-a006-4ec2-888c-e16683018f78\">Descarc\u0103<\/a><\/div>\n\n\n\n<div class=\"wp-block-file\"><a id=\"wp-block-file--media-0f470171-6f9e-4ff4-87ee-3fd9253bb0ec\" href=\"https:\/\/leader.galcetateabucovinei.ro\/wp-content\/uploads\/2025\/08\/5.3-Declaratia-pe-propria-raspundere_raportare.docx\">5.3 Declaratia pe propria raspundere_raportare<\/a><a href=\"https:\/\/leader.galcetateabucovinei.ro\/wp-content\/uploads\/2025\/08\/5.3-Declaratia-pe-propria-raspundere_raportare.docx\" class=\"wp-block-file__button wp-element-button\" download aria-describedby=\"wp-block-file--media-0f470171-6f9e-4ff4-87ee-3fd9253bb0ec\">Descarc\u0103<\/a><\/div>\n\n\n\n<div class=\"wp-block-file\"><a id=\"wp-block-file--media-e7f8af8c-40b1-47e8-9ed9-2e5ce3a838c6\" href=\"https:\/\/leader.galcetateabucovinei.ro\/wp-content\/uploads\/2025\/08\/6.-anexa-101-model-memoriu-justificativ.doc\">6. anexa-101-model-memoriu-justificativ<\/a><a href=\"https:\/\/leader.galcetateabucovinei.ro\/wp-content\/uploads\/2025\/08\/6.-anexa-101-model-memoriu-justificativ.doc\" class=\"wp-block-file__button wp-element-button\" download aria-describedby=\"wp-block-file--media-e7f8af8c-40b1-47e8-9ed9-2e5ce3a838c6\">Descarc\u0103<\/a><\/div>\n\n\n\n<div class=\"wp-block-file\"><a id=\"wp-block-file--media-6bcfdae3-9fc6-48ef-be84-8b2fcd338f58\" href=\"https:\/\/leader.galcetateabucovinei.ro\/wp-content\/uploads\/2025\/08\/7.-HG907-Model-studiu-de-fezabilitate-SF.docx\">7. HG907 &#8211; Model studiu de fezabilitate (SF)<\/a><a href=\"https:\/\/leader.galcetateabucovinei.ro\/wp-content\/uploads\/2025\/08\/7.-HG907-Model-studiu-de-fezabilitate-SF.docx\" class=\"wp-block-file__button wp-element-button\" download aria-describedby=\"wp-block-file--media-6bcfdae3-9fc6-48ef-be84-8b2fcd338f58\">Descarc\u0103<\/a><\/div>\n\n\n\n<div class=\"wp-block-file\"><a id=\"wp-block-file--media-97977528-8c3e-4db7-9800-c5e0ac70c3ec\" href=\"https:\/\/leader.galcetateabucovinei.ro\/wp-content\/uploads\/2025\/08\/8.-HG907-Model-documentatie-avizare-lucrari-interventii-DALI.docx\">8. HG907 &#8211; Model documentatie avizare lucrari interventii (DALI)<\/a><a href=\"https:\/\/leader.galcetateabucovinei.ro\/wp-content\/uploads\/2025\/08\/8.-HG907-Model-documentatie-avizare-lucrari-interventii-DALI.docx\" class=\"wp-block-file__button wp-element-button\" download aria-describedby=\"wp-block-file--media-97977528-8c3e-4db7-9800-c5e0ac70c3ec\">Descarc\u0103<\/a><\/div>\n\n\n\n<div class=\"wp-block-file\"><a id=\"wp-block-file--media-2cef2b7d-3ef9-42e4-ae3e-9da92f7bf32e\" href=\"https:\/\/leader.galcetateabucovinei.ro\/wp-content\/uploads\/2025\/08\/9.-AFIR_E1.2.1L-Fisa-verificare-incadrare-proiect.docx\">9. AFIR_E1.2.1L &#8211; Fisa verificare incadrare proiect<\/a><a href=\"https:\/\/leader.galcetateabucovinei.ro\/wp-content\/uploads\/2025\/08\/9.-AFIR_E1.2.1L-Fisa-verificare-incadrare-proiect.docx\" class=\"wp-block-file__button wp-element-button\" download aria-describedby=\"wp-block-file--media-2cef2b7d-3ef9-42e4-ae3e-9da92f7bf32e\">Descarc\u0103<\/a><\/div>\n\n\n\n<div class=\"wp-block-file\"><a id=\"wp-block-file--media-2120958f-5c95-481d-9083-98a82a34d77a\" href=\"https:\/\/leader.galcetateabucovinei.ro\/wp-content\/uploads\/2025\/08\/10.-AFIR_E1.2.2L-Fisa-evaluare-generala-proiect-DR36-investitii.docx\">10. AFIR_E1.2.2L &#8211; Fisa evaluare generala proiect DR36 (investitii)<\/a><a href=\"https:\/\/leader.galcetateabucovinei.ro\/wp-content\/uploads\/2025\/08\/10.-AFIR_E1.2.2L-Fisa-evaluare-generala-proiect-DR36-investitii.docx\" class=\"wp-block-file__button wp-element-button\" download aria-describedby=\"wp-block-file--media-2120958f-5c95-481d-9083-98a82a34d77a\">Descarc\u0103<\/a><\/div>\n\n\n\n<div class=\"wp-block-file\"><a id=\"wp-block-file--media-558b1f17-357e-486b-89ed-c578f1ac1f58\" href=\"https:\/\/leader.galcetateabucovinei.ro\/wp-content\/uploads\/2025\/08\/11.-Model_Hotarare_consiliu_local_privind_implementare_proiect.doc\">11. Model_Hotarare_consiliu_local_privind_implementare_proiect<\/a><a href=\"https:\/\/leader.galcetateabucovinei.ro\/wp-content\/uploads\/2025\/08\/11.-Model_Hotarare_consiliu_local_privind_implementare_proiect.doc\" class=\"wp-block-file__button wp-element-button\" download aria-describedby=\"wp-block-file--media-558b1f17-357e-486b-89ed-c578f1ac1f58\">Descarc\u0103<\/a><\/div>\n\n\n\n<div class=\"wp-block-file\"><a id=\"wp-block-file--media-f3f030c8-798a-4c3e-95a9-341a0354cded\" href=\"https:\/\/leader.galcetateabucovinei.ro\/wp-content\/uploads\/2025\/08\/12.-Raport-asupra-utilizarii-programelor-de-finantare-nerambursabila.docx\">12. Raport asupra utiliz\u0103rii programelor de finan\u0163are nerambursabil\u0103<\/a><a href=\"https:\/\/leader.galcetateabucovinei.ro\/wp-content\/uploads\/2025\/08\/12.-Raport-asupra-utilizarii-programelor-de-finantare-nerambursabila.docx\" class=\"wp-block-file__button wp-element-button\" download aria-describedby=\"wp-block-file--media-f3f030c8-798a-4c3e-95a9-341a0354cded\">Descarc\u0103<\/a><\/div>\n\n\n\n<div class=\"wp-block-file\"><a id=\"wp-block-file--media-10818686-6363-4024-8b1e-3c256ac4ce81\" href=\"https:\/\/leader.galcetateabucovinei.ro\/wp-content\/uploads\/2025\/08\/13.-Interventia-4-smart-village.pdf\">13. Interventia 4 smart village<\/a><a href=\"https:\/\/leader.galcetateabucovinei.ro\/wp-content\/uploads\/2025\/08\/13.-Interventia-4-smart-village.pdf\" class=\"wp-block-file__button wp-element-button\" download aria-describedby=\"wp-block-file--media-10818686-6363-4024-8b1e-3c256ac4ce81\">Descarc\u0103<\/a><\/div>\n\n\n\n<div class=\"wp-block-file\"><a id=\"wp-block-file--media-b2321be3-430c-4168-8df9-0b862cccc106\" href=\"https:\/\/leader.galcetateabucovinei.ro\/wp-content\/uploads\/2025\/08\/14.-Conditii-artificiale.docx\">14. Conditii artificiale<\/a><a href=\"https:\/\/leader.galcetateabucovinei.ro\/wp-content\/uploads\/2025\/08\/14.-Conditii-artificiale.docx\" class=\"wp-block-file__button wp-element-button\" download aria-describedby=\"wp-block-file--media-b2321be3-430c-4168-8df9-0b862cccc106\">Descarc\u0103<\/a><\/div>\n<\/div>\n<\/div>\n\n\n\n<p class=\"has-medium-font-size\"><\/p>\n","protected":false},"excerpt":{"rendered":"<p>Documente postate la 26.08.2025<\/p>\n","protected":false},"author":1,"featured_media":0,"parent":0,"menu_order":0,"comment_status":"closed","ping_status":"closed","template":"","meta":{"footnotes":""},"class_list":["post-3181","page","type-page","status-publish","hentry"],"_links":{"self":[{"href":"https:\/\/leader.galcetateabucovinei.ro\/index.php\/wp-json\/wp\/v2\/pages\/3181","targetHints":{"allow":["GET"]}}],"collection":[{"href":"https:\/\/leader.galcetateabucovinei.ro\/index.php\/wp-json\/wp\/v2\/pages"}],"about":[{"href":"https:\/\/leader.galcetateabucovinei.ro\/index.php\/wp-json\/wp\/v2\/types\/page"}],"author":[{"embeddable":true,"href":"https:\/\/leader.galcetateabucovinei.ro\/index.php\/wp-json\/wp\/v2\/users\/1"}],"replies":[{"embeddable":true,"href":"https:\/\/leader.galcetateabucovinei.ro\/index.php\/wp-json\/wp\/v2\/comments?post=3181"}],"version-history":[{"count":5,"href":"https:\/\/leader.galcetateabucovinei.ro\/index.php\/wp-json\/wp\/v2\/pages\/3181\/revisions"}],"predecessor-version":[{"id":3213,"href":"https:\/\/leader.galcetateabucovinei.ro\/index.php\/wp-json\/wp\/v2\/pages\/3181\/revisions\/3213"}],"wp:attachment":[{"href":"https:\/\/leader.galcetateabucovinei.ro\/index.php\/wp-json\/wp\/v2\/media?parent=3181"}],"curies":[{"name":"wp","href":"https:\/\/api.w.org\/{rel}","templated":true}]}}