{"id":3183,"date":"2025-08-26T12:50:45","date_gmt":"2025-08-26T09:50:45","guid":{"rendered":"https:\/\/leader.galcetateabucovinei.ro\/?page_id=3183"},"modified":"2026-01-05T12:32:26","modified_gmt":"2026-01-05T09:32:26","slug":"promovarea-si-conservarea-patrimoniului-local-material-si-imaterial-prin","status":"publish","type":"page","link":"https:\/\/leader.galcetateabucovinei.ro\/index.php\/promovarea-si-conservarea-patrimoniului-local-material-si-imaterial-prin\/","title":{"rendered":"Promovarea \u0219i conservarea patrimoniului local material \u0219i imaterial prin investitii si servicii"},"content":{"rendered":"\n<p><em><strong>Prelungire apel la 05.01.2026<\/strong><\/em><\/p>\n\n\n\n<div class=\"wp-block-file\"><a id=\"wp-block-file--media-2519b192-94dd-46f2-ad97-6e2f45a3d296\" href=\"https:\/\/leader.galcetateabucovinei.ro\/wp-content\/uploads\/2026\/01\/Anunt-prelungire-apel-patrimoniu-05.01.2026.pdf\">Anunt prelungire apel patrimoniu 05.01.2026<\/a><a href=\"https:\/\/leader.galcetateabucovinei.ro\/wp-content\/uploads\/2026\/01\/Anunt-prelungire-apel-patrimoniu-05.01.2026.pdf\" class=\"wp-block-file__button wp-element-button\" download aria-describedby=\"wp-block-file--media-2519b192-94dd-46f2-ad97-6e2f45a3d296\">Descarc\u0103<\/a><\/div>\n\n\n\n<p><strong><em>Documente postate la 21.11.2025<\/em><\/strong><\/p>\n\n\n\n<div class=\"wp-block-file\"><a id=\"wp-block-file--media-499ffad4-2198-4636-a0ce-5f8500be88b0\" href=\"https:\/\/leader.galcetateabucovinei.ro\/wp-content\/uploads\/2025\/11\/0-F2-CDRJ-Suceava-2.pdf\">0 F2 CDRJ Suceava<\/a><a href=\"https:\/\/leader.galcetateabucovinei.ro\/wp-content\/uploads\/2025\/11\/0-F2-CDRJ-Suceava-2.pdf\" class=\"wp-block-file__button wp-element-button\" download aria-describedby=\"wp-block-file--media-499ffad4-2198-4636-a0ce-5f8500be88b0\">Descarc\u0103<\/a><\/div>\n\n\n\n<div class=\"wp-block-file\"><a id=\"wp-block-file--media-1bd640e8-11a5-475a-851d-e20e6377104a\" href=\"https:\/\/leader.galcetateabucovinei.ro\/wp-content\/uploads\/2025\/11\/1-Anunt-lansare-apel-de-selectie-1.pdf\">1 Anun\u021b lansare apel de selec\u021bie<\/a><a href=\"https:\/\/leader.galcetateabucovinei.ro\/wp-content\/uploads\/2025\/11\/1-Anunt-lansare-apel-de-selectie-1.pdf\" class=\"wp-block-file__button wp-element-button\" download aria-describedby=\"wp-block-file--media-1bd640e8-11a5-475a-851d-e20e6377104a\">Descarc\u0103<\/a><\/div>\n\n\n\n<div class=\"wp-block-file\"><a id=\"wp-block-file--media-d9d461fd-7393-49c5-a7d4-e235bb08093c\" href=\"https:\/\/leader.galcetateabucovinei.ro\/wp-content\/uploads\/2025\/11\/1-Ghidul-Solicitantului-interventia-5-FEADR.pdf\">1 Ghidul Solicitantului interventia 5 FEADR<\/a><a href=\"https:\/\/leader.galcetateabucovinei.ro\/wp-content\/uploads\/2025\/11\/1-Ghidul-Solicitantului-interventia-5-FEADR.pdf\" class=\"wp-block-file__button wp-element-button\" download aria-describedby=\"wp-block-file--media-d9d461fd-7393-49c5-a7d4-e235bb08093c\">Descarc\u0103<\/a><\/div>\n\n\n\n<div class=\"wp-block-file\"><a id=\"wp-block-file--media-fb0b6774-7ed6-4da5-b075-5364ae7a792e\" href=\"https:\/\/leader.galcetateabucovinei.ro\/wp-content\/uploads\/2025\/11\/2-Cerere-Finantare-Investitii.pdf\">2 Cerere Finantare Investi\u021bii<\/a><a href=\"https:\/\/leader.galcetateabucovinei.ro\/wp-content\/uploads\/2025\/11\/2-Cerere-Finantare-Investitii.pdf\" class=\"wp-block-file__button wp-element-button\" download aria-describedby=\"wp-block-file--media-fb0b6774-7ed6-4da5-b075-5364ae7a792e\">Descarc\u0103<\/a><\/div>\n\n\n\n<div class=\"wp-block-file\"><a id=\"wp-block-file--media-4b88fd04-711f-4947-9163-64e6c1aeeda6\" href=\"https:\/\/leader.galcetateabucovinei.ro\/wp-content\/uploads\/2025\/11\/3-Cerere-Finantare-Servicii.pdf\">3 Cerere Finantare Servicii<\/a><a href=\"https:\/\/leader.galcetateabucovinei.ro\/wp-content\/uploads\/2025\/11\/3-Cerere-Finantare-Servicii.pdf\" class=\"wp-block-file__button wp-element-button\" download aria-describedby=\"wp-block-file--media-4b88fd04-711f-4947-9163-64e6c1aeeda6\">Descarc\u0103<\/a><\/div>\n\n\n\n<div class=\"wp-block-file\"><a id=\"wp-block-file--media-b444028b-611a-44e8-be6f-bf7a487a7362\" href=\"https:\/\/leader.galcetateabucovinei.ro\/wp-content\/uploads\/2025\/11\/4-Cerere-Finantare-Investitii-si-servicii.pdf\">4 Cerere Finantare Investi\u021bii \u0219i servicii<\/a><a href=\"https:\/\/leader.galcetateabucovinei.ro\/wp-content\/uploads\/2025\/11\/4-Cerere-Finantare-Investitii-si-servicii.pdf\" class=\"wp-block-file__button wp-element-button\" download aria-describedby=\"wp-block-file--media-b444028b-611a-44e8-be6f-bf7a487a7362\">Descarc\u0103<\/a><\/div>\n\n\n\n<div class=\"wp-block-file\"><a id=\"wp-block-file--media-fe3bef51-4335-42e6-b319-cc1a9de170ab\" href=\"https:\/\/leader.galcetateabucovinei.ro\/wp-content\/uploads\/2025\/11\/5-Fisa-de-verificare-a-criteriilor-de-eligibilitate-si-de-selectie-locale.docx\">5 Fisa de verificare a criteriilor de eligibilitate si de selectie locale<\/a><a href=\"https:\/\/leader.galcetateabucovinei.ro\/wp-content\/uploads\/2025\/11\/5-Fisa-de-verificare-a-criteriilor-de-eligibilitate-si-de-selectie-locale.docx\" class=\"wp-block-file__button wp-element-button\" download aria-describedby=\"wp-block-file--media-fe3bef51-4335-42e6-b319-cc1a9de170ab\">Descarc\u0103<\/a><\/div>\n\n\n\n<div class=\"wp-block-file\"><a id=\"wp-block-file--media-8e0b4ee7-83ad-468c-bcd6-ed3361468b33\" href=\"https:\/\/leader.galcetateabucovinei.ro\/wp-content\/uploads\/2025\/11\/6-Declaratia-pe-propria-raspundere-proiect-PS-2023-2027.docx\">6 Declaratia pe propria raspundere proiect PS 2023-2027<\/a><a href=\"https:\/\/leader.galcetateabucovinei.ro\/wp-content\/uploads\/2025\/11\/6-Declaratia-pe-propria-raspundere-proiect-PS-2023-2027.docx\" class=\"wp-block-file__button wp-element-button\" download aria-describedby=\"wp-block-file--media-8e0b4ee7-83ad-468c-bcd6-ed3361468b33\">Descarc\u0103<\/a><\/div>\n\n\n\n<div class=\"wp-block-file\"><a id=\"wp-block-file--media-61328329-e4a9-4147-983a-72ca5b306f30\" href=\"https:\/\/leader.galcetateabucovinei.ro\/wp-content\/uploads\/2025\/11\/7-Declaratie-criterii-de-selectie.docx\">7 Declaratie criterii de selectie<\/a><a href=\"https:\/\/leader.galcetateabucovinei.ro\/wp-content\/uploads\/2025\/11\/7-Declaratie-criterii-de-selectie.docx\" class=\"wp-block-file__button wp-element-button\" download aria-describedby=\"wp-block-file--media-61328329-e4a9-4147-983a-72ca5b306f30\">Descarc\u0103<\/a><\/div>\n\n\n\n<div class=\"wp-block-file\"><a id=\"wp-block-file--media-f322796c-256a-4253-a34e-787ed5cf58b7\" href=\"https:\/\/leader.galcetateabucovinei.ro\/wp-content\/uploads\/2025\/11\/8-Declaratia-pe-propria-raspundere_raportare.docx\">8 Declaratia pe propria raspundere_raportare<\/a><a href=\"https:\/\/leader.galcetateabucovinei.ro\/wp-content\/uploads\/2025\/11\/8-Declaratia-pe-propria-raspundere_raportare.docx\" class=\"wp-block-file__button wp-element-button\" download aria-describedby=\"wp-block-file--media-f322796c-256a-4253-a34e-787ed5cf58b7\">Descarc\u0103<\/a><\/div>\n\n\n\n<div class=\"wp-block-file\"><a id=\"wp-block-file--media-a16f69f9-8886-43fe-99a3-4027b4bf127a\" href=\"https:\/\/leader.galcetateabucovinei.ro\/wp-content\/uploads\/2025\/11\/9-anexa-101-model-memoriu-justificativ.doc\">9 anexa-101-model-memoriu-justificativ<\/a><a href=\"https:\/\/leader.galcetateabucovinei.ro\/wp-content\/uploads\/2025\/11\/9-anexa-101-model-memoriu-justificativ.doc\" class=\"wp-block-file__button wp-element-button\" download aria-describedby=\"wp-block-file--media-a16f69f9-8886-43fe-99a3-4027b4bf127a\">Descarc\u0103<\/a><\/div>\n\n\n\n<div class=\"wp-block-file\"><a id=\"wp-block-file--media-911dbe88-3e62-4a71-a89f-9b2c6ffcedad\" href=\"https:\/\/leader.galcetateabucovinei.ro\/wp-content\/uploads\/2025\/11\/10-HG907-Model-studiu-de-fezabilitate-SF.docx\">10 HG907 &#8211; Model studiu de fezabilitate (SF)<\/a><a href=\"https:\/\/leader.galcetateabucovinei.ro\/wp-content\/uploads\/2025\/11\/10-HG907-Model-studiu-de-fezabilitate-SF.docx\" class=\"wp-block-file__button wp-element-button\" download aria-describedby=\"wp-block-file--media-911dbe88-3e62-4a71-a89f-9b2c6ffcedad\">Descarc\u0103<\/a><\/div>\n\n\n\n<div class=\"wp-block-file\"><a id=\"wp-block-file--media-ab8a8fe4-55bb-4e81-8565-dae70bbf0137\" href=\"https:\/\/leader.galcetateabucovinei.ro\/wp-content\/uploads\/2025\/11\/11-HG907-Model-documentatie-avizare-lucrari-interventii-DALI.docx\">11 HG907 &#8211; Model documentatie avizare lucrari interventii (DALI)<\/a><a href=\"https:\/\/leader.galcetateabucovinei.ro\/wp-content\/uploads\/2025\/11\/11-HG907-Model-documentatie-avizare-lucrari-interventii-DALI.docx\" class=\"wp-block-file__button wp-element-button\" download aria-describedby=\"wp-block-file--media-ab8a8fe4-55bb-4e81-8565-dae70bbf0137\">Descarc\u0103<\/a><\/div>\n\n\n\n<div class=\"wp-block-file\"><a id=\"wp-block-file--media-a9253293-d9ef-4761-ac30-4eff4cf874a3\" href=\"https:\/\/leader.galcetateabucovinei.ro\/wp-content\/uploads\/2025\/11\/12-Model_Hotarare_consiliu_local_privind_implementare_proiect-1.doc\">12 Model_Hotarare_consiliu_local_privind_implementare_proiect<\/a><a href=\"https:\/\/leader.galcetateabucovinei.ro\/wp-content\/uploads\/2025\/11\/12-Model_Hotarare_consiliu_local_privind_implementare_proiect-1.doc\" class=\"wp-block-file__button wp-element-button\" download aria-describedby=\"wp-block-file--media-a9253293-d9ef-4761-ac30-4eff4cf874a3\">Descarc\u0103<\/a><\/div>\n\n\n\n<div class=\"wp-block-file\"><a id=\"wp-block-file--media-b10d16b9-a2be-42f1-9f9b-09e47e9f1808\" href=\"https:\/\/leader.galcetateabucovinei.ro\/wp-content\/uploads\/2025\/11\/13-Raport-asupra-utilizarii-programelor-de-finantare-nerambursabila-1.docx\">13 Raport asupra utiliz\u0103rii programelor de finan\u0163are nerambursabil\u0103<\/a><a href=\"https:\/\/leader.galcetateabucovinei.ro\/wp-content\/uploads\/2025\/11\/13-Raport-asupra-utilizarii-programelor-de-finantare-nerambursabila-1.docx\" class=\"wp-block-file__button wp-element-button\" download aria-describedby=\"wp-block-file--media-b10d16b9-a2be-42f1-9f9b-09e47e9f1808\">Descarc\u0103<\/a><\/div>\n\n\n\n<div class=\"wp-block-file\"><a id=\"wp-block-file--media-39620587-5d23-4410-bc03-9d720ce23e35\" href=\"https:\/\/leader.galcetateabucovinei.ro\/wp-content\/uploads\/2025\/11\/14-AFIR_E1.2.1L-Fisa-verificare-incadrare-proiect.docx\">14 AFIR_E1.2.1L &#8211; Fisa verificare incadrare proiect<\/a><a href=\"https:\/\/leader.galcetateabucovinei.ro\/wp-content\/uploads\/2025\/11\/14-AFIR_E1.2.1L-Fisa-verificare-incadrare-proiect.docx\" class=\"wp-block-file__button wp-element-button\" download aria-describedby=\"wp-block-file--media-39620587-5d23-4410-bc03-9d720ce23e35\">Descarc\u0103<\/a><\/div>\n\n\n\n<div class=\"wp-block-file\"><a id=\"wp-block-file--media-92a55f99-e9a0-4894-8aba-63c0e1c3dd1a\" href=\"https:\/\/leader.galcetateabucovinei.ro\/wp-content\/uploads\/2025\/11\/15-AFIR_E1.2.2L-Fisa-evaluare-generala-proiect-DR36-investitii.docx\">15 AFIR_E1.2.2L &#8211; Fisa evaluare generala proiect DR36 (investitii)<\/a><a href=\"https:\/\/leader.galcetateabucovinei.ro\/wp-content\/uploads\/2025\/11\/15-AFIR_E1.2.2L-Fisa-evaluare-generala-proiect-DR36-investitii.docx\" class=\"wp-block-file__button wp-element-button\" download aria-describedby=\"wp-block-file--media-92a55f99-e9a0-4894-8aba-63c0e1c3dd1a\">Descarc\u0103<\/a><\/div>\n\n\n\n<div class=\"wp-block-file\"><a id=\"wp-block-file--media-57d25e99-7390-460e-996a-67b61cb7cb26\" href=\"https:\/\/leader.galcetateabucovinei.ro\/wp-content\/uploads\/2025\/11\/16-Fisa-Interventiei-5-FEADR-Promovarea-si-conservarea-patrimonului-local.pdf\">16 Fisa Interventiei 5 FEADR Promovarea si conservarea patrimonului local<\/a><a href=\"https:\/\/leader.galcetateabucovinei.ro\/wp-content\/uploads\/2025\/11\/16-Fisa-Interventiei-5-FEADR-Promovarea-si-conservarea-patrimonului-local.pdf\" class=\"wp-block-file__button wp-element-button\" download aria-describedby=\"wp-block-file--media-57d25e99-7390-460e-996a-67b61cb7cb26\">Descarc\u0103<\/a><\/div>\n\n\n\n<div class=\"wp-block-file\"><a id=\"wp-block-file--media-c56f9a89-fe31-46f1-9c13-11a0dff548f2\" href=\"https:\/\/leader.galcetateabucovinei.ro\/wp-content\/uploads\/2025\/11\/17-Instruct-prinvind-evitarea-de-crearea-conditii-artificiale.docx\">17 Instruct prinvind evitarea de crearea conditii artificiale<\/a><a href=\"https:\/\/leader.galcetateabucovinei.ro\/wp-content\/uploads\/2025\/11\/17-Instruct-prinvind-evitarea-de-crearea-conditii-artificiale.docx\" class=\"wp-block-file__button wp-element-button\" download aria-describedby=\"wp-block-file--media-c56f9a89-fe31-46f1-9c13-11a0dff548f2\">Descarc\u0103<\/a><\/div>\n\n\n\n<p><\/p>\n","protected":false},"excerpt":{"rendered":"<p>Prelungire apel la 05.01.2026 Documente postate la 21.11.2025<\/p>\n","protected":false},"author":1,"featured_media":0,"parent":0,"menu_order":0,"comment_status":"closed","ping_status":"closed","template":"","meta":{"footnotes":""},"class_list":["post-3183","page","type-page","status-publish","hentry"],"_links":{"self":[{"href":"https:\/\/leader.galcetateabucovinei.ro\/index.php\/wp-json\/wp\/v2\/pages\/3183","targetHints":{"allow":["GET"]}}],"collection":[{"href":"https:\/\/leader.galcetateabucovinei.ro\/index.php\/wp-json\/wp\/v2\/pages"}],"about":[{"href":"https:\/\/leader.galcetateabucovinei.ro\/index.php\/wp-json\/wp\/v2\/types\/page"}],"author":[{"embeddable":true,"href":"https:\/\/leader.galcetateabucovinei.ro\/index.php\/wp-json\/wp\/v2\/users\/1"}],"replies":[{"embeddable":true,"href":"https:\/\/leader.galcetateabucovinei.ro\/index.php\/wp-json\/wp\/v2\/comments?post=3183"}],"version-history":[{"count":3,"href":"https:\/\/leader.galcetateabucovinei.ro\/index.php\/wp-json\/wp\/v2\/pages\/3183\/revisions"}],"predecessor-version":[{"id":3408,"href":"https:\/\/leader.galcetateabucovinei.ro\/index.php\/wp-json\/wp\/v2\/pages\/3183\/revisions\/3408"}],"wp:attachment":[{"href":"https:\/\/leader.galcetateabucovinei.ro\/index.php\/wp-json\/wp\/v2\/media?parent=3183"}],"curies":[{"name":"wp","href":"https:\/\/api.w.org\/{rel}","templated":true}]}}